{"id":1660,"date":"2021-12-16T08:07:52","date_gmt":"2021-12-16T11:07:52","guid":{"rendered":"https:\/\/mabcosweaters.com.ar\/mayoristas\/?page_id=1660"},"modified":"2022-01-27T08:00:15","modified_gmt":"2022-01-27T11:00:15","slug":"nosotros","status":"publish","type":"page","link":"https:\/\/mabcosweaters.com.ar\/mayoristas\/nosotros\/","title":{"rendered":"Nosotros"},"content":{"rendered":"[vc_row type=\u00bbin_container\u00bb full_screen_row_position=\u00bbmiddle\u00bb column_margin=\u00bbdefault\u00bb equal_height=\u00bbyes\u00bb content_placement=\u00bbmiddle\u00bb column_direction=\u00bbdefault\u00bb column_direction_tablet=\u00bbdefault\u00bb column_direction_phone=\u00bbdefault\u00bb scene_position=\u00bbcenter\u00bb text_color=\u00bbdark\u00bb text_align=\u00bbleft\u00bb row_border_radius=\u00bbnone\u00bb row_border_radius_applies=\u00bbbg\u00bb overflow=\u00bbvisible\u00bb advanced_gradient_angle=\u00bb0&#8243; overlay_strength=\u00bb0.3&#8243; gradient_direction=\u00bbleft_to_right\u00bb shape_divider_position=\u00bbbottom\u00bb bg_image_animation=\u00bbnone\u00bb gradient_type=\u00bbdefault\u00bb shape_type=\u00bb\u00bb][vc_column column_padding=\u00bbpadding-2-percent\u00bb column_padding_tablet=\u00bbinherit\u00bb column_padding_phone=\u00bbinherit\u00bb column_padding_position=\u00bball\u00bb column_element_spacing=\u00bbdefault\u00bb background_color_opacity=\u00bb1&#8243; background_hover_color_opacity=\u00bb1&#8243; column_shadow=\u00bbnone\u00bb column_border_radius=\u00bbnone\u00bb column_link_target=\u00bb_self\u00bb column_position=\u00bbdefault\u00bb advanced_gradient_angle=\u00bb0&#8243; gradient_direction=\u00bbleft_to_right\u00bb overlay_strength=\u00bb0.3&#8243; width=\u00bb1\/2&#8243; tablet_width_inherit=\u00bbdefault\u00bb tablet_text_alignment=\u00bbdefault\u00bb phone_text_alignment=\u00bbdefault\u00bb animation_type=\u00bbdefault\u00bb bg_image_animation=\u00bbnone\u00bb border_type=\u00bbsimple\u00bb column_border_width=\u00bbnone\u00bb column_border_style=\u00bbsolid\u00bb gradient_type=\u00bbdefault\u00bb][vc_column_text]\n<h4 class=\"lead\"><strong>Conoc\u00e9 Mabco Sweaters<\/strong><\/h4>\n<p>Somos una empresa familiar marplatense con m\u00e1s de 30 a\u00f1os de trayectoria en la industria textil.<\/p>\n<p>Nos dedicamos al dise\u00f1o, fabricaci\u00f3n y comercializaci\u00f3n de prendas en tejido de punto para mujer y hombre.<\/p>\n<p>El camino del armado de las diferentes colecciones es arduo pero apasionante. Imponer una marca no es f\u00e1cil, crear un estilo tampoco. Sostenerse en el tiempo brindando dise\u00f1o de gran valor realizado casi artesanalmente y con los mejores hilados, es casi un tarea tit\u00e1nica que aceptamos como un desaf\u00edo cada vez, buscando que los productos y nuestra eficiencia sean la mejor elecci\u00f3n de nuestros clientes.[\/vc_column_text][\/vc_column][vc_column column_padding=\u00bbno-extra-padding\u00bb column_padding_tablet=\u00bbinherit\u00bb column_padding_phone=\u00bbinherit\u00bb column_padding_position=\u00bball\u00bb column_element_spacing=\u00bbdefault\u00bb background_color_opacity=\u00bb1&#8243; background_hover_color_opacity=\u00bb1&#8243; background_image=\u00bb3364&#8243; background_image_position=\u00bbcenter top\u00bb enable_bg_scale=\u00bbtrue\u00bb background_image_loading=\u00bbdefault\u00bb column_shadow=\u00bbnone\u00bb column_border_radius=\u00bbnone\u00bb column_link_target=\u00bb_self\u00bb column_position=\u00bbdefault\u00bb advanced_gradient_angle=\u00bb0&#8243; gradient_direction=\u00bbleft_to_right\u00bb overlay_strength=\u00bb0.3&#8243; width=\u00bb1\/2&#8243; tablet_width_inherit=\u00bbdefault\u00bb tablet_text_alignment=\u00bbdefault\u00bb phone_text_alignment=\u00bbdefault\u00bb animation_type=\u00bbdefault\u00bb bg_image_animation=\u00bbnone\u00bb border_type=\u00bbsimple\u00bb column_border_width=\u00bbnone\u00bb column_border_style=\u00bbsolid\u00bb gradient_type=\u00bbdefault\u00bb][divider line_type=\u00bbNo Line\u00bb custom_height=\u00bb350px\u00bb][\/vc_column][\/vc_row][vc_row type=\u00bbin_container\u00bb full_screen_row_position=\u00bbmiddle\u00bb column_margin=\u00bbdefault\u00bb equal_height=\u00bbyes\u00bb content_placement=\u00bbmiddle\u00bb column_direction=\u00bbdefault\u00bb column_direction_tablet=\u00bbdefault\u00bb column_direction_phone=\u00bbdefault\u00bb scene_position=\u00bbcenter\u00bb top_margin=\u00bb60px\u00bb text_color=\u00bbdark\u00bb text_align=\u00bbleft\u00bb row_border_radius=\u00bbnone\u00bb row_border_radius_applies=\u00bbbg\u00bb overflow=\u00bbvisible\u00bb advanced_gradient_angle=\u00bb0&#8243; overlay_strength=\u00bb0.3&#8243; gradient_direction=\u00bbleft_to_right\u00bb shape_divider_position=\u00bbbottom\u00bb bg_image_animation=\u00bbnone\u00bb gradient_type=\u00bbdefault\u00bb shape_type=\u00bb\u00bb][vc_column column_padding=\u00bbno-extra-padding\u00bb column_padding_tablet=\u00bbinherit\u00bb column_padding_phone=\u00bbinherit\u00bb column_padding_position=\u00bball\u00bb column_element_spacing=\u00bbdefault\u00bb background_color_opacity=\u00bb1&#8243; background_hover_color_opacity=\u00bb1&#8243; background_image=\u00bb3365&#8243; background_image_position=\u00bbcenter top\u00bb enable_bg_scale=\u00bbtrue\u00bb background_image_loading=\u00bbdefault\u00bb column_shadow=\u00bbnone\u00bb column_border_radius=\u00bbnone\u00bb column_link_target=\u00bb_self\u00bb column_position=\u00bbdefault\u00bb advanced_gradient_angle=\u00bb0&#8243; gradient_direction=\u00bbleft_to_right\u00bb overlay_strength=\u00bb0.3&#8243; width=\u00bb1\/2&#8243; tablet_width_inherit=\u00bbdefault\u00bb tablet_text_alignment=\u00bbdefault\u00bb phone_text_alignment=\u00bbdefault\u00bb animation_type=\u00bbdefault\u00bb bg_image_animation=\u00bbnone\u00bb border_type=\u00bbsimple\u00bb column_border_width=\u00bbnone\u00bb column_border_style=\u00bbsolid\u00bb gradient_type=\u00bbdefault\u00bb][divider line_type=\u00bbNo Line\u00bb custom_height=\u00bb350px\u00bb][\/vc_column][vc_column column_padding=\u00bbpadding-2-percent\u00bb column_padding_tablet=\u00bbinherit\u00bb column_padding_phone=\u00bbinherit\u00bb column_padding_position=\u00bball\u00bb column_element_spacing=\u00bbdefault\u00bb background_color_opacity=\u00bb1&#8243; background_hover_color_opacity=\u00bb1&#8243; column_shadow=\u00bbnone\u00bb column_border_radius=\u00bbnone\u00bb column_link_target=\u00bb_self\u00bb column_position=\u00bbdefault\u00bb advanced_gradient_angle=\u00bb0&#8243; gradient_direction=\u00bbleft_to_right\u00bb overlay_strength=\u00bb0.3&#8243; width=\u00bb1\/2&#8243; tablet_width_inherit=\u00bbdefault\u00bb tablet_text_alignment=\u00bbdefault\u00bb phone_text_alignment=\u00bbdefault\u00bb animation_type=\u00bbdefault\u00bb bg_image_animation=\u00bbnone\u00bb border_type=\u00bbsimple\u00bb column_border_width=\u00bbnone\u00bb column_border_style=\u00bbsolid\u00bb gradient_type=\u00bbdefault\u00bb][vc_column_text]\n<div class=\"span6\">\n<h4><strong>Elaboraci\u00f3n y tecnolog\u00eda<\/strong><\/h4>\n<p>Nuestras prendas son elaboradas con materias primas rigurosamente seleccionadas, tanto de origen nacional como importadas, que se combinan para dar a los productos la durabilidad, textura y suavidad que nos caracterizan.<u><\/u><u><\/u><u><\/u>\u00a0<u><\/u><\/p>\n<p>En el proceso de dise\u00f1o y fabricaci\u00f3n de nuestros productos, empleamos software y tecnolog\u00eda de avanzada, lo que nos permite crear tejidos \u00fanicos y de forma m\u00e1s eficiente. Cada prenda es confeccionada \u00a0utilizando maquinaria alemana de marca\u00a0<strong>Stoll<\/strong>\u00a0l\u00edder en el sector textil, garantizando la calidad de la confecci\u00f3n.<\/p>\n<\/div>\n[\/vc_column_text][\/vc_column][\/vc_row][vc_row type=\u00bbin_container\u00bb full_screen_row_position=\u00bbmiddle\u00bb column_margin=\u00bbdefault\u00bb column_direction=\u00bbdefault\u00bb column_direction_tablet=\u00bbdefault\u00bb column_direction_phone=\u00bbdefault\u00bb scene_position=\u00bbcenter\u00bb text_color=\u00bbdark\u00bb text_align=\u00bbleft\u00bb row_border_radius=\u00bbnone\u00bb row_border_radius_applies=\u00bbbg\u00bb overflow=\u00bbvisible\u00bb overlay_strength=\u00bb0.3&#8243; gradient_direction=\u00bbleft_to_right\u00bb shape_divider_position=\u00bbbottom\u00bb bg_image_animation=\u00bbnone\u00bb][vc_column column_padding=\u00bbno-extra-padding\u00bb column_padding_tablet=\u00bbinherit\u00bb column_padding_phone=\u00bbinherit\u00bb column_padding_position=\u00bball\u00bb column_element_spacing=\u00bbdefault\u00bb background_color_opacity=\u00bb1&#8243; background_hover_color_opacity=\u00bb1&#8243; column_shadow=\u00bbnone\u00bb column_border_radius=\u00bbnone\u00bb column_link_target=\u00bb_self\u00bb column_position=\u00bbdefault\u00bb gradient_direction=\u00bbleft_to_right\u00bb overlay_strength=\u00bb0.3&#8243; width=\u00bb1\/1&#8243; tablet_width_inherit=\u00bbdefault\u00bb tablet_text_alignment=\u00bbdefault\u00bb phone_text_alignment=\u00bbdefault\u00bb animation_type=\u00bbdefault\u00bb bg_image_animation=\u00bbnone\u00bb border_type=\u00bbsimple\u00bb column_border_width=\u00bbnone\u00bb column_border_style=\u00bbsolid\u00bb][\/vc_column][\/vc_row]\n","protected":false},"excerpt":{"rendered":"<p>[vc_row type=\u00bbin_container\u00bb full_screen_row_position=\u00bbmiddle\u00bb column_margin=\u00bbdefault\u00bb equal_height=\u00bbyes\u00bb content_placement=\u00bbmiddle\u00bb column_direction=\u00bbdefault\u00bb column_direction_tablet=\u00bbdefault\u00bb column_direction_phone=\u00bbdefault\u00bb scene_position=\u00bbcenter\u00bb text_color=\u00bbdark\u00bb text_align=\u00bbleft\u00bb row_border_radius=\u00bbnone\u00bb row_border_radius_applies=\u00bbbg\u00bb overflow=\u00bbvisible\u00bb advanced_gradient_angle=\u00bb0&#8243; overlay_strength=\u00bb0.3&#8243; gradient_direction=\u00bbleft_to_right\u00bb shape_divider_position=\u00bbbottom\u00bb bg_image_animation=\u00bbnone\u00bb gradient_type=\u00bbdefault\u00bb shape_type=\u00bb\u00bb][vc_column column_padding=\u00bbpadding-2-percent\u00bb column_padding_tablet=\u00bbinherit\u00bb column_padding_phone=\u00bbinherit\u00bb column_padding_position=\u00bball\u00bb column_element_spacing=\u00bbdefault\u00bb background_color_opacity=\u00bb1&#8243; background_hover_color_opacity=\u00bb1&#8243; column_shadow=\u00bbnone\u00bb&#8230;<\/p>\n","protected":false},"author":1,"featured_media":0,"parent":0,"menu_order":0,"comment_status":"closed","ping_status":"closed","template":"","meta":{"footnotes":""},"class_list":["post-1660","page","type-page","status-publish"],"yoast_head":"<!-- This site is optimized with the Yoast SEO Premium plugin v17.9 (Yoast SEO v18.0) - https:\/\/yoast.com\/wordpress\/plugins\/seo\/ -->\n<title>Mabco Sweaters - Mar del Plata<\/title>\n<meta name=\"description\" content=\"Mabco Sweaters. Somos una empresa familiar marplatense con m\u00e1s de 30 a\u00f1os de trayectoria en la industria textil.\" \/>\n<meta name=\"robots\" content=\"index, follow, max-snippet:-1, max-image-preview:large, max-video-preview:-1\" \/>\n<link rel=\"canonical\" href=\"https:\/\/mabcosweaters.com.ar\/mayoristas\/nosotros\/\" \/>\n<meta property=\"og:locale\" content=\"es_ES\" \/>\n<meta property=\"og:type\" content=\"article\" \/>\n<meta property=\"og:title\" content=\"Mabco Sweaters - Mar del Plata\" \/>\n<meta property=\"og:description\" content=\"Somos una empresa familiar marplatense con m\u00e1s de 30 a\u00f1os de trayectoria en la industria textil. Nos dedicamos al dise\u00f1o, fabricaci\u00f3n y comercializaci\u00f3n de prendas en tejido de punto para mujer y hombre.\" \/>\n<meta property=\"og:url\" content=\"https:\/\/mabcosweaters.com.ar\/mayoristas\/nosotros\/\" \/>\n<meta property=\"og:site_name\" content=\"Mabco Sweaters\" \/>\n<meta property=\"article:modified_time\" content=\"2022-01-27T11:00:15+00:00\" \/>\n<meta property=\"og:image\" content=\"https:\/\/mabcosweaters.com.ar\/mayoristas\/wp-content\/uploads\/2021\/12\/favicon.png\" \/>\n\t<meta property=\"og:image:width\" content=\"512\" \/>\n\t<meta property=\"og:image:height\" content=\"512\" \/>\n\t<meta property=\"og:image:type\" content=\"image\/png\" \/>\n<meta name=\"twitter:card\" content=\"summary_large_image\" \/>\n<meta name=\"twitter:label1\" content=\"Tiempo de lectura\" \/>\n\t<meta name=\"twitter:data1\" content=\"5 minutos\" \/>\n<script type=\"application\/ld+json\" class=\"yoast-schema-graph\">{\"@context\":\"https:\/\/schema.org\",\"@graph\":[{\"@type\":\"Organization\",\"@id\":\"https:\/\/mabcosweaters.com.ar\/mayoristas\/#organization\",\"name\":\"Mabco Sweaters\",\"url\":\"https:\/\/mabcosweaters.com.ar\/mayoristas\/\",\"sameAs\":[],\"logo\":{\"@type\":\"ImageObject\",\"@id\":\"https:\/\/mabcosweaters.com.ar\/mayoristas\/#logo\",\"inLanguage\":\"es\",\"url\":\"https:\/\/mabcosweaters.com.ar\/mayoristas\/wp-content\/uploads\/2022\/01\/MABCO-Logotipo-PSD-en-alta-1000-px.png\",\"contentUrl\":\"https:\/\/mabcosweaters.com.ar\/mayoristas\/wp-content\/uploads\/2022\/01\/MABCO-Logotipo-PSD-en-alta-1000-px.png\",\"width\":1000,\"height\":265,\"caption\":\"Mabco Sweaters\"},\"image\":{\"@id\":\"https:\/\/mabcosweaters.com.ar\/mayoristas\/#logo\"}},{\"@type\":\"WebSite\",\"@id\":\"https:\/\/mabcosweaters.com.ar\/mayoristas\/#website\",\"url\":\"https:\/\/mabcosweaters.com.ar\/mayoristas\/\",\"name\":\"Mabco Sweaters\",\"description\":\"\",\"publisher\":{\"@id\":\"https:\/\/mabcosweaters.com.ar\/mayoristas\/#organization\"},\"potentialAction\":[{\"@type\":\"SearchAction\",\"target\":{\"@type\":\"EntryPoint\",\"urlTemplate\":\"https:\/\/mabcosweaters.com.ar\/mayoristas\/?s={search_term_string}\"},\"query-input\":\"required name=search_term_string\"}],\"inLanguage\":\"es\"},{\"@type\":\"WebPage\",\"@id\":\"https:\/\/mabcosweaters.com.ar\/mayoristas\/nosotros\/#webpage\",\"url\":\"https:\/\/mabcosweaters.com.ar\/mayoristas\/nosotros\/\",\"name\":\"Mabco Sweaters - Mar del Plata\",\"isPartOf\":{\"@id\":\"https:\/\/mabcosweaters.com.ar\/mayoristas\/#website\"},\"datePublished\":\"2021-12-16T11:07:52+00:00\",\"dateModified\":\"2022-01-27T11:00:15+00:00\",\"description\":\"Mabco Sweaters. Somos una empresa familiar marplatense con m\u00e1s de 30 a\u00f1os de trayectoria en la industria textil.\",\"breadcrumb\":{\"@id\":\"https:\/\/mabcosweaters.com.ar\/mayoristas\/nosotros\/#breadcrumb\"},\"inLanguage\":\"es\",\"potentialAction\":[{\"@type\":\"ReadAction\",\"target\":[\"https:\/\/mabcosweaters.com.ar\/mayoristas\/nosotros\/\"]}]},{\"@type\":\"BreadcrumbList\",\"@id\":\"https:\/\/mabcosweaters.com.ar\/mayoristas\/nosotros\/#breadcrumb\",\"itemListElement\":[{\"@type\":\"ListItem\",\"position\":1,\"name\":\"Home\",\"item\":\"https:\/\/mabcosweaters.com.ar\/mayoristas\/\"},{\"@type\":\"ListItem\",\"position\":2,\"name\":\"Nosotros\"}]}]}<\/script>\n<!-- \/ Yoast SEO Premium plugin. -->","yoast_head_json":{"title":"Mabco Sweaters - Mar del Plata","description":"Mabco Sweaters. Somos una empresa familiar marplatense con m\u00e1s de 30 a\u00f1os de trayectoria en la industria textil.","robots":{"index":"index","follow":"follow","max-snippet":"max-snippet:-1","max-image-preview":"max-image-preview:large","max-video-preview":"max-video-preview:-1"},"canonical":"https:\/\/mabcosweaters.com.ar\/mayoristas\/nosotros\/","og_locale":"es_ES","og_type":"article","og_title":"Mabco Sweaters - Mar del Plata","og_description":"Somos una empresa familiar marplatense con m\u00e1s de 30 a\u00f1os de trayectoria en la industria textil. Nos dedicamos al dise\u00f1o, fabricaci\u00f3n y comercializaci\u00f3n de prendas en tejido de punto para mujer y hombre.","og_url":"https:\/\/mabcosweaters.com.ar\/mayoristas\/nosotros\/","og_site_name":"Mabco Sweaters","article_modified_time":"2022-01-27T11:00:15+00:00","og_image":[{"width":512,"height":512,"url":"https:\/\/mabcosweaters.com.ar\/mayoristas\/wp-content\/uploads\/2021\/12\/favicon.png","type":"image\/png"}],"twitter_card":"summary_large_image","twitter_misc":{"Tiempo de lectura":"5 minutos"},"schema":{"@context":"https:\/\/schema.org","@graph":[{"@type":"Organization","@id":"https:\/\/mabcosweaters.com.ar\/mayoristas\/#organization","name":"Mabco Sweaters","url":"https:\/\/mabcosweaters.com.ar\/mayoristas\/","sameAs":[],"logo":{"@type":"ImageObject","@id":"https:\/\/mabcosweaters.com.ar\/mayoristas\/#logo","inLanguage":"es","url":"https:\/\/mabcosweaters.com.ar\/mayoristas\/wp-content\/uploads\/2022\/01\/MABCO-Logotipo-PSD-en-alta-1000-px.png","contentUrl":"https:\/\/mabcosweaters.com.ar\/mayoristas\/wp-content\/uploads\/2022\/01\/MABCO-Logotipo-PSD-en-alta-1000-px.png","width":1000,"height":265,"caption":"Mabco Sweaters"},"image":{"@id":"https:\/\/mabcosweaters.com.ar\/mayoristas\/#logo"}},{"@type":"WebSite","@id":"https:\/\/mabcosweaters.com.ar\/mayoristas\/#website","url":"https:\/\/mabcosweaters.com.ar\/mayoristas\/","name":"Mabco Sweaters","description":"","publisher":{"@id":"https:\/\/mabcosweaters.com.ar\/mayoristas\/#organization"},"potentialAction":[{"@type":"SearchAction","target":{"@type":"EntryPoint","urlTemplate":"https:\/\/mabcosweaters.com.ar\/mayoristas\/?s={search_term_string}"},"query-input":"required name=search_term_string"}],"inLanguage":"es"},{"@type":"WebPage","@id":"https:\/\/mabcosweaters.com.ar\/mayoristas\/nosotros\/#webpage","url":"https:\/\/mabcosweaters.com.ar\/mayoristas\/nosotros\/","name":"Mabco Sweaters - Mar del Plata","isPartOf":{"@id":"https:\/\/mabcosweaters.com.ar\/mayoristas\/#website"},"datePublished":"2021-12-16T11:07:52+00:00","dateModified":"2022-01-27T11:00:15+00:00","description":"Mabco Sweaters. Somos una empresa familiar marplatense con m\u00e1s de 30 a\u00f1os de trayectoria en la industria textil.","breadcrumb":{"@id":"https:\/\/mabcosweaters.com.ar\/mayoristas\/nosotros\/#breadcrumb"},"inLanguage":"es","potentialAction":[{"@type":"ReadAction","target":["https:\/\/mabcosweaters.com.ar\/mayoristas\/nosotros\/"]}]},{"@type":"BreadcrumbList","@id":"https:\/\/mabcosweaters.com.ar\/mayoristas\/nosotros\/#breadcrumb","itemListElement":[{"@type":"ListItem","position":1,"name":"Home","item":"https:\/\/mabcosweaters.com.ar\/mayoristas\/"},{"@type":"ListItem","position":2,"name":"Nosotros"}]}]}},"_links":{"self":[{"href":"https:\/\/mabcosweaters.com.ar\/mayoristas\/wp-json\/wp\/v2\/pages\/1660","targetHints":{"allow":["GET"]}}],"collection":[{"href":"https:\/\/mabcosweaters.com.ar\/mayoristas\/wp-json\/wp\/v2\/pages"}],"about":[{"href":"https:\/\/mabcosweaters.com.ar\/mayoristas\/wp-json\/wp\/v2\/types\/page"}],"author":[{"embeddable":true,"href":"https:\/\/mabcosweaters.com.ar\/mayoristas\/wp-json\/wp\/v2\/users\/1"}],"replies":[{"embeddable":true,"href":"https:\/\/mabcosweaters.com.ar\/mayoristas\/wp-json\/wp\/v2\/comments?post=1660"}],"version-history":[{"count":24,"href":"https:\/\/mabcosweaters.com.ar\/mayoristas\/wp-json\/wp\/v2\/pages\/1660\/revisions"}],"predecessor-version":[{"id":3366,"href":"https:\/\/mabcosweaters.com.ar\/mayoristas\/wp-json\/wp\/v2\/pages\/1660\/revisions\/3366"}],"wp:attachment":[{"href":"https:\/\/mabcosweaters.com.ar\/mayoristas\/wp-json\/wp\/v2\/media?parent=1660"}],"curies":[{"name":"wp","href":"https:\/\/api.w.org\/{rel}","templated":true}]}}