{"id":2750,"date":"2022-01-06T17:50:02","date_gmt":"2022-01-06T20:50:02","guid":{"rendered":"https:\/\/mabcosweaters.com.ar\/mayoristas\/?post_type=product&#038;p=2750"},"modified":"2026-03-10T18:31:33","modified_gmt":"2026-03-10T21:31:33","slug":"escote-v-clasico","status":"publish","type":"product","link":"https:\/\/mabcosweaters.com.ar\/mayoristas\/producto\/escote-v-clasico\/","title":{"rendered":"Escote V Cl\u00e1sico"},"content":{"rendered":"<p><span style=\"color: #666699\"><span style=\"color: #ff9900\"><img loading=\"lazy\" decoding=\"async\" class=\"alignnone wp-image-3327\" src=\"https:\/\/mabcosweaters.com.ar\/mayoristas\/wp-content\/uploads\/2022\/01\/6066.jpg\" alt=\"\" width=\"700\" height=\"265\" srcset=\"https:\/\/mabcosweaters.com.ar\/mayoristas\/wp-content\/uploads\/2022\/01\/6066.jpg 1008w, https:\/\/mabcosweaters.com.ar\/mayoristas\/wp-content\/uploads\/2022\/01\/6066-300x114.jpg 300w, https:\/\/mabcosweaters.com.ar\/mayoristas\/wp-content\/uploads\/2022\/01\/6066-768x291.jpg 768w\" sizes=\"auto, (max-width: 700px) 100vw, 700px\" \/><br \/>&gt;<\/span><span style=\"color: #333333\">\u00a0<a style=\"color: #333333\" href=\"https:\/\/mabcosweaters.com.ar\/mayoristas\/wp-content\/uploads\/2022\/01\/GUIA-DE-TALLES-hombre.pdf\" target=\"_blank\" rel=\"noopener\">Gu\u00eda de talles<\/a><\/span><\/span><\/p>\n<p><span style=\"color: #666699\"><a style=\"color: #666699\" href=\"https:\/\/mabcosweaters.com.ar\/mayoristas\/wp-content\/uploads\/2022\/01\/cuidado-de-la-prenda.pdf\" target=\"_blank\" rel=\"noopener\"><span style=\"color: #ff9900\">&gt;<\/span> <span style=\"color: #333333\">Cuidados de la prenda<\/span><\/a><\/span><\/p>\n","protected":false},"excerpt":{"rendered":"<p>Escote V corte cl\u00e1sico, atemporal.<\/p>\n<hr \/>\n<p>COMPOSICI\u00d3N HILADO:<\/p>\n<p>Algod\u00f3n 60% &#8211; poliester 40%<\/p>\n","protected":false},"featured_media":6232,"template":"","meta":[],"product_cat":[18],"product_tag":[],"class_list":{"0":"post-2750","1":"product","2":"type-product","3":"status-publish","4":"has-post-thumbnail","6":"product_cat-hombre"},"yoast_head":"<!-- This site is optimized with the Yoast SEO Premium plugin v17.9 (Yoast SEO v18.0) - https:\/\/yoast.com\/wordpress\/plugins\/seo\/ -->\n<title>Escote V Cl\u00e1sico - Mabco Sweaters<\/title>\n<meta name=\"robots\" content=\"index, follow, max-snippet:-1, max-image-preview:large, max-video-preview:-1\" \/>\n<link rel=\"canonical\" href=\"https:\/\/mabcosweaters.com.ar\/mayoristas\/producto\/escote-v-clasico\/\" \/>\n<meta property=\"og:locale\" content=\"es_ES\" \/>\n<meta property=\"og:type\" content=\"article\" \/>\n<meta property=\"og:title\" content=\"Escote V Cl\u00e1sico\" \/>\n<meta property=\"og:description\" content=\"Escote V corte cl\u00e1sico, atemporal.COMPOSICI\u00d3N HILADO:Algod\u00f3n 60% - poliester 40%\" \/>\n<meta property=\"og:url\" content=\"https:\/\/mabcosweaters.com.ar\/mayoristas\/producto\/escote-v-clasico\/\" \/>\n<meta property=\"og:site_name\" content=\"Mabco Sweaters\" \/>\n<meta property=\"article:modified_time\" content=\"2026-03-10T21:31:33+00:00\" \/>\n<meta property=\"og:image\" content=\"https:\/\/mabcosweaters.com.ar\/mayoristas\/wp-content\/uploads\/2022\/01\/IMG_20210525_112937167_PORTRAIT.jpg\" \/>\n\t<meta property=\"og:image:width\" content=\"1125\" \/>\n\t<meta property=\"og:image:height\" content=\"1500\" \/>\n\t<meta property=\"og:image:type\" content=\"image\/jpeg\" \/>\n<meta name=\"twitter:card\" content=\"summary_large_image\" \/>\n<script type=\"application\/ld+json\" class=\"yoast-schema-graph\">{\"@context\":\"https:\/\/schema.org\",\"@graph\":[{\"@type\":\"Organization\",\"@id\":\"https:\/\/mabcosweaters.com.ar\/mayoristas\/#organization\",\"name\":\"Mabco Sweaters\",\"url\":\"https:\/\/mabcosweaters.com.ar\/mayoristas\/\",\"sameAs\":[],\"logo\":{\"@type\":\"ImageObject\",\"@id\":\"https:\/\/mabcosweaters.com.ar\/mayoristas\/#logo\",\"inLanguage\":\"es\",\"url\":\"https:\/\/mabcosweaters.com.ar\/mayoristas\/wp-content\/uploads\/2022\/01\/MABCO-Logotipo-PSD-en-alta-1000-px.png\",\"contentUrl\":\"https:\/\/mabcosweaters.com.ar\/mayoristas\/wp-content\/uploads\/2022\/01\/MABCO-Logotipo-PSD-en-alta-1000-px.png\",\"width\":1000,\"height\":265,\"caption\":\"Mabco Sweaters\"},\"image\":{\"@id\":\"https:\/\/mabcosweaters.com.ar\/mayoristas\/#logo\"}},{\"@type\":\"WebSite\",\"@id\":\"https:\/\/mabcosweaters.com.ar\/mayoristas\/#website\",\"url\":\"https:\/\/mabcosweaters.com.ar\/mayoristas\/\",\"name\":\"Mabco Sweaters\",\"description\":\"\",\"publisher\":{\"@id\":\"https:\/\/mabcosweaters.com.ar\/mayoristas\/#organization\"},\"potentialAction\":[{\"@type\":\"SearchAction\",\"target\":{\"@type\":\"EntryPoint\",\"urlTemplate\":\"https:\/\/mabcosweaters.com.ar\/mayoristas\/?s={search_term_string}\"},\"query-input\":\"required name=search_term_string\"}],\"inLanguage\":\"es\"},{\"@type\":\"ImageObject\",\"@id\":\"https:\/\/mabcosweaters.com.ar\/mayoristas\/producto\/escote-v-clasico\/#primaryimage\",\"inLanguage\":\"es\",\"url\":\"https:\/\/mabcosweaters.com.ar\/mayoristas\/wp-content\/uploads\/2023\/01\/IMG_20220201_154107952.jpg\",\"contentUrl\":\"https:\/\/mabcosweaters.com.ar\/mayoristas\/wp-content\/uploads\/2023\/01\/IMG_20220201_154107952.jpg\",\"width\":844,\"height\":1500},{\"@type\":\"WebPage\",\"@id\":\"https:\/\/mabcosweaters.com.ar\/mayoristas\/producto\/escote-v-clasico\/#webpage\",\"url\":\"https:\/\/mabcosweaters.com.ar\/mayoristas\/producto\/escote-v-clasico\/\",\"name\":\"Escote V Cl\u00e1sico - Mabco Sweaters\",\"isPartOf\":{\"@id\":\"https:\/\/mabcosweaters.com.ar\/mayoristas\/#website\"},\"primaryImageOfPage\":{\"@id\":\"https:\/\/mabcosweaters.com.ar\/mayoristas\/producto\/escote-v-clasico\/#primaryimage\"},\"datePublished\":\"2022-01-06T20:50:02+00:00\",\"dateModified\":\"2026-03-10T21:31:33+00:00\",\"breadcrumb\":{\"@id\":\"https:\/\/mabcosweaters.com.ar\/mayoristas\/producto\/escote-v-clasico\/#breadcrumb\"},\"inLanguage\":\"es\",\"potentialAction\":[{\"@type\":\"ReadAction\",\"target\":[\"https:\/\/mabcosweaters.com.ar\/mayoristas\/producto\/escote-v-clasico\/\"]}]},{\"@type\":\"BreadcrumbList\",\"@id\":\"https:\/\/mabcosweaters.com.ar\/mayoristas\/producto\/escote-v-clasico\/#breadcrumb\",\"itemListElement\":[{\"@type\":\"ListItem\",\"position\":1,\"name\":\"Home\",\"item\":\"https:\/\/mabcosweaters.com.ar\/mayoristas\/\"},{\"@type\":\"ListItem\",\"position\":2,\"name\":\"Colecci\u00f3n\",\"item\":\"https:\/\/mabcosweaters.com.ar\/mayoristas\/coleccion\/\"},{\"@type\":\"ListItem\",\"position\":3,\"name\":\"Escote V Cl\u00e1sico\"}]}]}<\/script>\n<!-- \/ Yoast SEO Premium plugin. -->","yoast_head_json":{"title":"Escote V Cl\u00e1sico - Mabco Sweaters","robots":{"index":"index","follow":"follow","max-snippet":"max-snippet:-1","max-image-preview":"max-image-preview:large","max-video-preview":"max-video-preview:-1"},"canonical":"https:\/\/mabcosweaters.com.ar\/mayoristas\/producto\/escote-v-clasico\/","og_locale":"es_ES","og_type":"article","og_title":"Escote V Cl\u00e1sico","og_description":"Escote V corte cl\u00e1sico, atemporal.COMPOSICI\u00d3N HILADO:Algod\u00f3n 60% - poliester 40%","og_url":"https:\/\/mabcosweaters.com.ar\/mayoristas\/producto\/escote-v-clasico\/","og_site_name":"Mabco Sweaters","article_modified_time":"2026-03-10T21:31:33+00:00","og_image":[{"width":1125,"height":1500,"url":"https:\/\/mabcosweaters.com.ar\/mayoristas\/wp-content\/uploads\/2022\/01\/IMG_20210525_112937167_PORTRAIT.jpg","type":"image\/jpeg"}],"twitter_card":"summary_large_image","schema":{"@context":"https:\/\/schema.org","@graph":[{"@type":"Organization","@id":"https:\/\/mabcosweaters.com.ar\/mayoristas\/#organization","name":"Mabco Sweaters","url":"https:\/\/mabcosweaters.com.ar\/mayoristas\/","sameAs":[],"logo":{"@type":"ImageObject","@id":"https:\/\/mabcosweaters.com.ar\/mayoristas\/#logo","inLanguage":"es","url":"https:\/\/mabcosweaters.com.ar\/mayoristas\/wp-content\/uploads\/2022\/01\/MABCO-Logotipo-PSD-en-alta-1000-px.png","contentUrl":"https:\/\/mabcosweaters.com.ar\/mayoristas\/wp-content\/uploads\/2022\/01\/MABCO-Logotipo-PSD-en-alta-1000-px.png","width":1000,"height":265,"caption":"Mabco Sweaters"},"image":{"@id":"https:\/\/mabcosweaters.com.ar\/mayoristas\/#logo"}},{"@type":"WebSite","@id":"https:\/\/mabcosweaters.com.ar\/mayoristas\/#website","url":"https:\/\/mabcosweaters.com.ar\/mayoristas\/","name":"Mabco Sweaters","description":"","publisher":{"@id":"https:\/\/mabcosweaters.com.ar\/mayoristas\/#organization"},"potentialAction":[{"@type":"SearchAction","target":{"@type":"EntryPoint","urlTemplate":"https:\/\/mabcosweaters.com.ar\/mayoristas\/?s={search_term_string}"},"query-input":"required name=search_term_string"}],"inLanguage":"es"},{"@type":"ImageObject","@id":"https:\/\/mabcosweaters.com.ar\/mayoristas\/producto\/escote-v-clasico\/#primaryimage","inLanguage":"es","url":"https:\/\/mabcosweaters.com.ar\/mayoristas\/wp-content\/uploads\/2023\/01\/IMG_20220201_154107952.jpg","contentUrl":"https:\/\/mabcosweaters.com.ar\/mayoristas\/wp-content\/uploads\/2023\/01\/IMG_20220201_154107952.jpg","width":844,"height":1500},{"@type":"WebPage","@id":"https:\/\/mabcosweaters.com.ar\/mayoristas\/producto\/escote-v-clasico\/#webpage","url":"https:\/\/mabcosweaters.com.ar\/mayoristas\/producto\/escote-v-clasico\/","name":"Escote V Cl\u00e1sico - Mabco Sweaters","isPartOf":{"@id":"https:\/\/mabcosweaters.com.ar\/mayoristas\/#website"},"primaryImageOfPage":{"@id":"https:\/\/mabcosweaters.com.ar\/mayoristas\/producto\/escote-v-clasico\/#primaryimage"},"datePublished":"2022-01-06T20:50:02+00:00","dateModified":"2026-03-10T21:31:33+00:00","breadcrumb":{"@id":"https:\/\/mabcosweaters.com.ar\/mayoristas\/producto\/escote-v-clasico\/#breadcrumb"},"inLanguage":"es","potentialAction":[{"@type":"ReadAction","target":["https:\/\/mabcosweaters.com.ar\/mayoristas\/producto\/escote-v-clasico\/"]}]},{"@type":"BreadcrumbList","@id":"https:\/\/mabcosweaters.com.ar\/mayoristas\/producto\/escote-v-clasico\/#breadcrumb","itemListElement":[{"@type":"ListItem","position":1,"name":"Home","item":"https:\/\/mabcosweaters.com.ar\/mayoristas\/"},{"@type":"ListItem","position":2,"name":"Colecci\u00f3n","item":"https:\/\/mabcosweaters.com.ar\/mayoristas\/coleccion\/"},{"@type":"ListItem","position":3,"name":"Escote V Cl\u00e1sico"}]}]}},"_links":{"self":[{"href":"https:\/\/mabcosweaters.com.ar\/mayoristas\/wp-json\/wp\/v2\/product\/2750","targetHints":{"allow":["GET"]}}],"collection":[{"href":"https:\/\/mabcosweaters.com.ar\/mayoristas\/wp-json\/wp\/v2\/product"}],"about":[{"href":"https:\/\/mabcosweaters.com.ar\/mayoristas\/wp-json\/wp\/v2\/types\/product"}],"wp:featuredmedia":[{"embeddable":true,"href":"https:\/\/mabcosweaters.com.ar\/mayoristas\/wp-json\/wp\/v2\/media\/6232"}],"wp:attachment":[{"href":"https:\/\/mabcosweaters.com.ar\/mayoristas\/wp-json\/wp\/v2\/media?parent=2750"}],"wp:term":[{"taxonomy":"product_cat","embeddable":true,"href":"https:\/\/mabcosweaters.com.ar\/mayoristas\/wp-json\/wp\/v2\/product_cat?post=2750"},{"taxonomy":"product_tag","embeddable":true,"href":"https:\/\/mabcosweaters.com.ar\/mayoristas\/wp-json\/wp\/v2\/product_tag?post=2750"}],"curies":[{"name":"wp","href":"https:\/\/api.w.org\/{rel}","templated":true}]}}