{"id":5539,"date":"2023-01-03T19:04:02","date_gmt":"2023-01-03T22:04:02","guid":{"rendered":"https:\/\/mabcosweaters.com.ar\/mayoristas\/?post_type=product&#038;p=5539"},"modified":"2026-03-10T18:32:23","modified_gmt":"2026-03-10T21:32:23","slug":"bossa-3","status":"publish","type":"product","link":"https:\/\/mabcosweaters.com.ar\/mayoristas\/producto\/bossa-3\/","title":{"rendered":"Bossa"},"content":{"rendered":"<p><img loading=\"lazy\" decoding=\"async\" class=\"alignnone wp-image-5611 size-full\" src=\"https:\/\/mabcosweaters.com.ar\/mayoristas\/wp-content\/uploads\/2023\/01\/3706.png\" alt=\"\" width=\"769\" height=\"289\" srcset=\"https:\/\/mabcosweaters.com.ar\/mayoristas\/wp-content\/uploads\/2023\/01\/3706.png 769w, https:\/\/mabcosweaters.com.ar\/mayoristas\/wp-content\/uploads\/2023\/01\/3706-300x113.png 300w\" sizes=\"auto, (max-width: 769px) 100vw, 769px\" \/><\/p>\n","protected":false},"excerpt":{"rendered":"<p>Sweater cuello bossa\u00a0 con\u00a0 manga pipa.\u00a0 Posee el\u00e1stico en bajo y pu\u00f1os.<\/p>\n<hr \/>\n<p>COMPOSICI\u00d3N HILADO:<\/p>\n<p>Lana 25% \/ Algod\u00f3n 25% \/ Microfibra 50%<\/p>\n","protected":false},"featured_media":5585,"template":"","meta":[],"product_cat":[18],"product_tag":[],"class_list":{"0":"post-5539","1":"product","2":"type-product","3":"status-publish","4":"has-post-thumbnail","6":"product_cat-hombre"},"yoast_head":"<!-- This site is optimized with the Yoast SEO Premium plugin v17.9 (Yoast SEO v18.0) - https:\/\/yoast.com\/wordpress\/plugins\/seo\/ -->\n<title>Bossa - Mabco Sweaters<\/title>\n<meta name=\"robots\" content=\"index, follow, max-snippet:-1, max-image-preview:large, max-video-preview:-1\" \/>\n<link rel=\"canonical\" href=\"https:\/\/mabcosweaters.com.ar\/mayoristas\/producto\/bossa-3\/\" \/>\n<meta property=\"og:locale\" content=\"es_ES\" \/>\n<meta property=\"og:type\" content=\"article\" \/>\n<meta property=\"og:title\" content=\"Bossa\" \/>\n<meta property=\"og:description\" content=\"Sweater cuello bossa\u00a0 con\u00a0 manga pipa.\u00a0 Posee el\u00e1stico en bajo y pu\u00f1os.COMPOSICI\u00d3N HILADO:Lana 25% \/ Algod\u00f3n 25% \/ Microfibra 50%\" \/>\n<meta property=\"og:url\" content=\"https:\/\/mabcosweaters.com.ar\/mayoristas\/producto\/bossa-3\/\" \/>\n<meta property=\"og:site_name\" content=\"Mabco Sweaters\" \/>\n<meta property=\"article:modified_time\" content=\"2026-03-10T21:32:23+00:00\" \/>\n<meta property=\"og:image\" content=\"https:\/\/mabcosweaters.com.ar\/mayoristas\/wp-content\/uploads\/2023\/01\/Mabco-2022_0160.jpg\" \/>\n\t<meta property=\"og:image:width\" content=\"998\" \/>\n\t<meta property=\"og:image:height\" content=\"1500\" \/>\n\t<meta property=\"og:image:type\" content=\"image\/jpeg\" \/>\n<meta name=\"twitter:card\" content=\"summary_large_image\" \/>\n<script type=\"application\/ld+json\" class=\"yoast-schema-graph\">{\"@context\":\"https:\/\/schema.org\",\"@graph\":[{\"@type\":\"Organization\",\"@id\":\"https:\/\/mabcosweaters.com.ar\/mayoristas\/#organization\",\"name\":\"Mabco Sweaters\",\"url\":\"https:\/\/mabcosweaters.com.ar\/mayoristas\/\",\"sameAs\":[],\"logo\":{\"@type\":\"ImageObject\",\"@id\":\"https:\/\/mabcosweaters.com.ar\/mayoristas\/#logo\",\"inLanguage\":\"es\",\"url\":\"https:\/\/mabcosweaters.com.ar\/mayoristas\/wp-content\/uploads\/2022\/01\/MABCO-Logotipo-PSD-en-alta-1000-px.png\",\"contentUrl\":\"https:\/\/mabcosweaters.com.ar\/mayoristas\/wp-content\/uploads\/2022\/01\/MABCO-Logotipo-PSD-en-alta-1000-px.png\",\"width\":1000,\"height\":265,\"caption\":\"Mabco Sweaters\"},\"image\":{\"@id\":\"https:\/\/mabcosweaters.com.ar\/mayoristas\/#logo\"}},{\"@type\":\"WebSite\",\"@id\":\"https:\/\/mabcosweaters.com.ar\/mayoristas\/#website\",\"url\":\"https:\/\/mabcosweaters.com.ar\/mayoristas\/\",\"name\":\"Mabco Sweaters\",\"description\":\"\",\"publisher\":{\"@id\":\"https:\/\/mabcosweaters.com.ar\/mayoristas\/#organization\"},\"potentialAction\":[{\"@type\":\"SearchAction\",\"target\":{\"@type\":\"EntryPoint\",\"urlTemplate\":\"https:\/\/mabcosweaters.com.ar\/mayoristas\/?s={search_term_string}\"},\"query-input\":\"required name=search_term_string\"}],\"inLanguage\":\"es\"},{\"@type\":\"ImageObject\",\"@id\":\"https:\/\/mabcosweaters.com.ar\/mayoristas\/producto\/bossa-3\/#primaryimage\",\"inLanguage\":\"es\",\"url\":\"https:\/\/mabcosweaters.com.ar\/mayoristas\/wp-content\/uploads\/2023\/01\/Mabco-2022_0160.jpg\",\"contentUrl\":\"https:\/\/mabcosweaters.com.ar\/mayoristas\/wp-content\/uploads\/2023\/01\/Mabco-2022_0160.jpg\",\"width\":998,\"height\":1500},{\"@type\":\"WebPage\",\"@id\":\"https:\/\/mabcosweaters.com.ar\/mayoristas\/producto\/bossa-3\/#webpage\",\"url\":\"https:\/\/mabcosweaters.com.ar\/mayoristas\/producto\/bossa-3\/\",\"name\":\"Bossa - Mabco Sweaters\",\"isPartOf\":{\"@id\":\"https:\/\/mabcosweaters.com.ar\/mayoristas\/#website\"},\"primaryImageOfPage\":{\"@id\":\"https:\/\/mabcosweaters.com.ar\/mayoristas\/producto\/bossa-3\/#primaryimage\"},\"datePublished\":\"2023-01-03T22:04:02+00:00\",\"dateModified\":\"2026-03-10T21:32:23+00:00\",\"breadcrumb\":{\"@id\":\"https:\/\/mabcosweaters.com.ar\/mayoristas\/producto\/bossa-3\/#breadcrumb\"},\"inLanguage\":\"es\",\"potentialAction\":[{\"@type\":\"ReadAction\",\"target\":[\"https:\/\/mabcosweaters.com.ar\/mayoristas\/producto\/bossa-3\/\"]}]},{\"@type\":\"BreadcrumbList\",\"@id\":\"https:\/\/mabcosweaters.com.ar\/mayoristas\/producto\/bossa-3\/#breadcrumb\",\"itemListElement\":[{\"@type\":\"ListItem\",\"position\":1,\"name\":\"Home\",\"item\":\"https:\/\/mabcosweaters.com.ar\/mayoristas\/\"},{\"@type\":\"ListItem\",\"position\":2,\"name\":\"Colecci\u00f3n\",\"item\":\"https:\/\/mabcosweaters.com.ar\/mayoristas\/coleccion\/\"},{\"@type\":\"ListItem\",\"position\":3,\"name\":\"Bossa\"}]}]}<\/script>\n<!-- \/ Yoast SEO Premium plugin. -->","yoast_head_json":{"title":"Bossa - Mabco Sweaters","robots":{"index":"index","follow":"follow","max-snippet":"max-snippet:-1","max-image-preview":"max-image-preview:large","max-video-preview":"max-video-preview:-1"},"canonical":"https:\/\/mabcosweaters.com.ar\/mayoristas\/producto\/bossa-3\/","og_locale":"es_ES","og_type":"article","og_title":"Bossa","og_description":"Sweater cuello bossa\u00a0 con\u00a0 manga pipa.\u00a0 Posee el\u00e1stico en bajo y pu\u00f1os.COMPOSICI\u00d3N HILADO:Lana 25% \/ Algod\u00f3n 25% \/ Microfibra 50%","og_url":"https:\/\/mabcosweaters.com.ar\/mayoristas\/producto\/bossa-3\/","og_site_name":"Mabco Sweaters","article_modified_time":"2026-03-10T21:32:23+00:00","og_image":[{"width":998,"height":1500,"url":"https:\/\/mabcosweaters.com.ar\/mayoristas\/wp-content\/uploads\/2023\/01\/Mabco-2022_0160.jpg","type":"image\/jpeg"}],"twitter_card":"summary_large_image","schema":{"@context":"https:\/\/schema.org","@graph":[{"@type":"Organization","@id":"https:\/\/mabcosweaters.com.ar\/mayoristas\/#organization","name":"Mabco Sweaters","url":"https:\/\/mabcosweaters.com.ar\/mayoristas\/","sameAs":[],"logo":{"@type":"ImageObject","@id":"https:\/\/mabcosweaters.com.ar\/mayoristas\/#logo","inLanguage":"es","url":"https:\/\/mabcosweaters.com.ar\/mayoristas\/wp-content\/uploads\/2022\/01\/MABCO-Logotipo-PSD-en-alta-1000-px.png","contentUrl":"https:\/\/mabcosweaters.com.ar\/mayoristas\/wp-content\/uploads\/2022\/01\/MABCO-Logotipo-PSD-en-alta-1000-px.png","width":1000,"height":265,"caption":"Mabco Sweaters"},"image":{"@id":"https:\/\/mabcosweaters.com.ar\/mayoristas\/#logo"}},{"@type":"WebSite","@id":"https:\/\/mabcosweaters.com.ar\/mayoristas\/#website","url":"https:\/\/mabcosweaters.com.ar\/mayoristas\/","name":"Mabco Sweaters","description":"","publisher":{"@id":"https:\/\/mabcosweaters.com.ar\/mayoristas\/#organization"},"potentialAction":[{"@type":"SearchAction","target":{"@type":"EntryPoint","urlTemplate":"https:\/\/mabcosweaters.com.ar\/mayoristas\/?s={search_term_string}"},"query-input":"required name=search_term_string"}],"inLanguage":"es"},{"@type":"ImageObject","@id":"https:\/\/mabcosweaters.com.ar\/mayoristas\/producto\/bossa-3\/#primaryimage","inLanguage":"es","url":"https:\/\/mabcosweaters.com.ar\/mayoristas\/wp-content\/uploads\/2023\/01\/Mabco-2022_0160.jpg","contentUrl":"https:\/\/mabcosweaters.com.ar\/mayoristas\/wp-content\/uploads\/2023\/01\/Mabco-2022_0160.jpg","width":998,"height":1500},{"@type":"WebPage","@id":"https:\/\/mabcosweaters.com.ar\/mayoristas\/producto\/bossa-3\/#webpage","url":"https:\/\/mabcosweaters.com.ar\/mayoristas\/producto\/bossa-3\/","name":"Bossa - Mabco Sweaters","isPartOf":{"@id":"https:\/\/mabcosweaters.com.ar\/mayoristas\/#website"},"primaryImageOfPage":{"@id":"https:\/\/mabcosweaters.com.ar\/mayoristas\/producto\/bossa-3\/#primaryimage"},"datePublished":"2023-01-03T22:04:02+00:00","dateModified":"2026-03-10T21:32:23+00:00","breadcrumb":{"@id":"https:\/\/mabcosweaters.com.ar\/mayoristas\/producto\/bossa-3\/#breadcrumb"},"inLanguage":"es","potentialAction":[{"@type":"ReadAction","target":["https:\/\/mabcosweaters.com.ar\/mayoristas\/producto\/bossa-3\/"]}]},{"@type":"BreadcrumbList","@id":"https:\/\/mabcosweaters.com.ar\/mayoristas\/producto\/bossa-3\/#breadcrumb","itemListElement":[{"@type":"ListItem","position":1,"name":"Home","item":"https:\/\/mabcosweaters.com.ar\/mayoristas\/"},{"@type":"ListItem","position":2,"name":"Colecci\u00f3n","item":"https:\/\/mabcosweaters.com.ar\/mayoristas\/coleccion\/"},{"@type":"ListItem","position":3,"name":"Bossa"}]}]}},"_links":{"self":[{"href":"https:\/\/mabcosweaters.com.ar\/mayoristas\/wp-json\/wp\/v2\/product\/5539","targetHints":{"allow":["GET"]}}],"collection":[{"href":"https:\/\/mabcosweaters.com.ar\/mayoristas\/wp-json\/wp\/v2\/product"}],"about":[{"href":"https:\/\/mabcosweaters.com.ar\/mayoristas\/wp-json\/wp\/v2\/types\/product"}],"wp:featuredmedia":[{"embeddable":true,"href":"https:\/\/mabcosweaters.com.ar\/mayoristas\/wp-json\/wp\/v2\/media\/5585"}],"wp:attachment":[{"href":"https:\/\/mabcosweaters.com.ar\/mayoristas\/wp-json\/wp\/v2\/media?parent=5539"}],"wp:term":[{"taxonomy":"product_cat","embeddable":true,"href":"https:\/\/mabcosweaters.com.ar\/mayoristas\/wp-json\/wp\/v2\/product_cat?post=5539"},{"taxonomy":"product_tag","embeddable":true,"href":"https:\/\/mabcosweaters.com.ar\/mayoristas\/wp-json\/wp\/v2\/product_tag?post=5539"}],"curies":[{"name":"wp","href":"https:\/\/api.w.org\/{rel}","templated":true}]}}